{"id":2,"date":"2012-10-18T00:04:41","date_gmt":"2012-10-18T00:04:41","guid":{"rendered":"http:\/\/canalvi.com\/?page_id=2"},"modified":"2022-12-16T19:01:02","modified_gmt":"2022-12-16T19:01:02","slug":"pagina-ejemplo","status":"publish","type":"page","link":"https:\/\/canalvi.com\/","title":{"rendered":"INICIO"},"content":{"rendered":"\t\t<div data-elementor-type=\"wp-page\" data-elementor-id=\"2\" class=\"elementor elementor-2\" data-elementor-settings=\"[]\">\n\t\t\t\t\t\t\t<div class=\"elementor-section-wrap\">\n\t\t\t\t\t\t\t<section class=\"elementor-section elementor-top-section elementor-element elementor-element-5cb35c3 elementor-section-boxed elementor-section-height-default elementor-section-height-default\" data-id=\"5cb35c3\" data-element_type=\"section\">\n\t\t\t\t\t\t<div class=\"elementor-container elementor-column-gap-default\">\n\t\t\t\t\t<div class=\"elementor-column elementor-col-100 elementor-top-column elementor-element elementor-element-fdf117f\" data-id=\"fdf117f\" data-element_type=\"column\">\n\t\t\t<div class=\"elementor-widget-wrap elementor-element-populated\">\n\t\t\t\t\t\t\t\t<div class=\"elementor-element elementor-element-de493ae elementor-aspect-ratio-169 elementor-widget elementor-widget-video\" data-id=\"de493ae\" data-element_type=\"widget\" data-settings=\"{&quot;youtube_url&quot;:&quot;https:\\\/\\\/www.youtube.com\\\/watch?v=VW-EspYZZF0&quot;,&quot;autoplay&quot;:&quot;yes&quot;,&quot;play_on_mobile&quot;:&quot;yes&quot;,&quot;mute&quot;:&quot;yes&quot;,&quot;loop&quot;:&quot;yes&quot;,&quot;video_type&quot;:&quot;youtube&quot;,&quot;aspect_ratio&quot;:&quot;169&quot;}\" data-widget_type=\"video.default\">\n\t\t\t\t<div class=\"elementor-widget-container\">\n\t\t\t\t\t<div class=\"elementor-wrapper elementor-fit-aspect-ratio elementor-open-inline\">\n\t\t\t<div class=\"elementor-video\"><\/div>\t\t<\/div>\n\t\t\t\t<\/div>\n\t\t\t\t<\/div>\n\t\t\t\t\t<\/div>\n\t\t<\/div>\n\t\t\t\t\t\t\t<\/div>\n\t\t<\/section>\n\t\t\t\t<section class=\"elementor-section elementor-top-section elementor-element elementor-element-59ab5d0 elementor-section-boxed elementor-section-height-default elementor-section-height-default\" data-id=\"59ab5d0\" data-element_type=\"section\">\n\t\t\t\t\t\t<div class=\"elementor-container elementor-column-gap-default\">\n\t\t\t\t\t<div class=\"elementor-column elementor-col-50 elementor-top-column elementor-element elementor-element-5ec9989\" data-id=\"5ec9989\" data-element_type=\"column\">\n\t\t\t<div class=\"elementor-widget-wrap elementor-element-populated\">\n\t\t\t\t\t\t\t\t<div class=\"elementor-element elementor-element-f216e1b elementor-aspect-ratio-169 elementor-widget elementor-widget-video\" data-id=\"f216e1b\" data-element_type=\"widget\" data-settings=\"{&quot;youtube_url&quot;:&quot;https:\\\/\\\/youtu.be\\\/oaFg8xq5DnY&quot;,&quot;video_type&quot;:&quot;youtube&quot;,&quot;controls&quot;:&quot;yes&quot;,&quot;aspect_ratio&quot;:&quot;169&quot;}\" data-widget_type=\"video.default\">\n\t\t\t\t<div class=\"elementor-widget-container\">\n\t\t\t\t\t<div class=\"elementor-wrapper elementor-fit-aspect-ratio elementor-open-inline\">\n\t\t\t<div class=\"elementor-video\"><\/div>\t\t<\/div>\n\t\t\t\t<\/div>\n\t\t\t\t<\/div>\n\t\t\t\t<div class=\"elementor-element elementor-element-1f0437bc elementor-widget elementor-widget-text-editor\" data-id=\"1f0437bc\" data-element_type=\"widget\" data-widget_type=\"text-editor.default\">\n\t\t\t\t<div class=\"elementor-widget-container\">\n\t\t\t\t\t\t\t\t<h3 style=\"text-align: center;\"><code><img loading=\"lazy\" decoding=\"async\" class=\"alignnone size-full wp-image-99\" src=\"http:\/\/canalvi.com\/wp-content\/uploads\/2012\/10\/banner2.jpg\" alt=\"banner2\" width=\"954\" height=\"300\" srcset=\"https:\/\/canalvi.com\/wp-content\/uploads\/2012\/10\/banner2.jpg 954w, https:\/\/canalvi.com\/wp-content\/uploads\/2012\/10\/banner2-300x94.jpg 300w, https:\/\/canalvi.com\/wp-content\/uploads\/2012\/10\/banner2-60x18.jpg 60w\" sizes=\"(max-width: 954px) 100vw, 954px\" \/><\/code><\/h3><h3 style=\"text-align: center;\"><img loading=\"lazy\" decoding=\"async\" class=\"alignnone size-full wp-image-69\" src=\"http:\/\/canalvi.com\/wp-content\/uploads\/2012\/10\/banner1.jpg\" alt=\"1\" width=\"954\" height=\"300\" srcset=\"https:\/\/canalvi.com\/wp-content\/uploads\/2012\/10\/banner1.jpg 954w, https:\/\/canalvi.com\/wp-content\/uploads\/2012\/10\/banner1-300x94.jpg 300w, https:\/\/canalvi.com\/wp-content\/uploads\/2012\/10\/banner1-60x18.jpg 60w\" sizes=\"(max-width: 954px) 100vw, 954px\" \/><\/h3>\t\t\t\t\t\t<\/div>\n\t\t\t\t<\/div>\n\t\t\t\t\t<\/div>\n\t\t<\/div>\n\t\t\t\t<div class=\"elementor-column elementor-col-50 elementor-top-column elementor-element elementor-element-0d5a7a1\" data-id=\"0d5a7a1\" data-element_type=\"column\">\n\t\t\t<div class=\"elementor-widget-wrap elementor-element-populated\">\n\t\t\t\t\t\t\t\t<div class=\"elementor-element elementor-element-2a282ae elementor-widget elementor-widget-heading\" data-id=\"2a282ae\" data-element_type=\"widget\" data-widget_type=\"heading.default\">\n\t\t\t\t<div class=\"elementor-widget-container\">\n\t\t\t<h3 class=\"elementor-heading-title elementor-size-medium\">GALER\u00cdA DE PROYECTOS<\/h3>\t\t<\/div>\n\t\t\t\t<\/div>\n\t\t\t\t<div class=\"elementor-element elementor-element-84f9f92 elementor-widget elementor-widget-image-gallery\" data-id=\"84f9f92\" data-element_type=\"widget\" data-widget_type=\"image-gallery.default\">\n\t\t\t\t<div class=\"elementor-widget-container\">\n\t\t\t\t\t<div class=\"elementor-image-gallery\">\n\t\t\t<div id='gallery-1' class='gallery galleryid-2 gallery-columns-4 gallery-size-thumbnail'><dl class='gallery-item'>\n\t\t\t<dt class='gallery-icon portrait'>\n\t\t\t\t<a data-elementor-open-lightbox=\"yes\" data-elementor-lightbox-slideshow=\"84f9f92\" data-elementor-lightbox-title=\"CANALVI\" href='https:\/\/canalvi.com\/wp-content\/uploads\/2021\/04\/WhatsApp-Image-2021-04-21-at-5.43.41-PM.jpeg'><img loading=\"lazy\" decoding=\"async\" width=\"150\" height=\"150\" src=\"https:\/\/canalvi.com\/wp-content\/uploads\/2021\/04\/WhatsApp-Image-2021-04-21-at-5.43.41-PM-150x150.jpeg\" class=\"attachment-thumbnail size-thumbnail\" alt=\"\" \/><\/a>\n\t\t\t<\/dt><\/dl><dl class='gallery-item'>\n\t\t\t<dt class='gallery-icon landscape'>\n\t\t\t\t<a data-elementor-open-lightbox=\"yes\" data-elementor-lightbox-slideshow=\"84f9f92\" data-elementor-lightbox-title=\"CANALVI\" href='https:\/\/canalvi.com\/wp-content\/uploads\/2021\/04\/WhatsApp-Image-2021-04-21-at-5.43.41-PM-1.jpeg'><img loading=\"lazy\" decoding=\"async\" width=\"150\" height=\"150\" src=\"https:\/\/canalvi.com\/wp-content\/uploads\/2021\/04\/WhatsApp-Image-2021-04-21-at-5.43.41-PM-1-150x150.jpeg\" class=\"attachment-thumbnail size-thumbnail\" alt=\"\" \/><\/a>\n\t\t\t<\/dt><\/dl><dl class='gallery-item'>\n\t\t\t<dt class='gallery-icon portrait'>\n\t\t\t\t<a data-elementor-open-lightbox=\"yes\" data-elementor-lightbox-slideshow=\"84f9f92\" data-elementor-lightbox-title=\"CANALVI\" href='https:\/\/canalvi.com\/wp-content\/uploads\/2021\/04\/WhatsApp-Image-2021-04-21-at-5.43.40-PM.jpeg'><img loading=\"lazy\" decoding=\"async\" width=\"150\" height=\"150\" src=\"https:\/\/canalvi.com\/wp-content\/uploads\/2021\/04\/WhatsApp-Image-2021-04-21-at-5.43.40-PM-150x150.jpeg\" class=\"attachment-thumbnail size-thumbnail\" alt=\"\" srcset=\"https:\/\/canalvi.com\/wp-content\/uploads\/2021\/04\/WhatsApp-Image-2021-04-21-at-5.43.40-PM-150x150.jpeg 150w, https:\/\/canalvi.com\/wp-content\/uploads\/2021\/04\/WhatsApp-Image-2021-04-21-at-5.43.40-PM-299x300.jpeg 299w, https:\/\/canalvi.com\/wp-content\/uploads\/2021\/04\/WhatsApp-Image-2021-04-21-at-5.43.40-PM-1021x1024.jpeg 1021w, https:\/\/canalvi.com\/wp-content\/uploads\/2021\/04\/WhatsApp-Image-2021-04-21-at-5.43.40-PM-768x770.jpeg 768w, https:\/\/canalvi.com\/wp-content\/uploads\/2021\/04\/WhatsApp-Image-2021-04-21-at-5.43.40-PM-60x60.jpeg 60w, https:\/\/canalvi.com\/wp-content\/uploads\/2021\/04\/WhatsApp-Image-2021-04-21-at-5.43.40-PM-1531x1536.jpeg 1531w, https:\/\/canalvi.com\/wp-content\/uploads\/2021\/04\/WhatsApp-Image-2021-04-21-at-5.43.40-PM-2042x2048.jpeg 2042w, https:\/\/canalvi.com\/wp-content\/uploads\/2021\/04\/WhatsApp-Image-2021-04-21-at-5.43.40-PM-100x100.jpeg 100w, https:\/\/canalvi.com\/wp-content\/uploads\/2021\/04\/WhatsApp-Image-2021-04-21-at-5.43.40-PM-349x350.jpeg 349w, https:\/\/canalvi.com\/wp-content\/uploads\/2021\/04\/WhatsApp-Image-2021-04-21-at-5.43.40-PM-788x790.jpeg 788w, https:\/\/canalvi.com\/wp-content\/uploads\/2021\/04\/WhatsApp-Image-2021-04-21-at-5.43.40-PM.jpeg 964w\" sizes=\"(max-width: 150px) 100vw, 150px\" \/><\/a>\n\t\t\t<\/dt><\/dl><dl class='gallery-item'>\n\t\t\t<dt class='gallery-icon portrait'>\n\t\t\t\t<a data-elementor-open-lightbox=\"yes\" data-elementor-lightbox-slideshow=\"84f9f92\" data-elementor-lightbox-title=\"CANALVI\" href='https:\/\/canalvi.com\/wp-content\/uploads\/2021\/04\/WhatsApp-Image-2021-04-21-at-5.43.40-PM-8.jpeg'><img loading=\"lazy\" decoding=\"async\" width=\"150\" height=\"150\" src=\"https:\/\/canalvi.com\/wp-content\/uploads\/2021\/04\/WhatsApp-Image-2021-04-21-at-5.43.40-PM-8-150x150.jpeg\" class=\"attachment-thumbnail size-thumbnail\" alt=\"\" \/><\/a>\n\t\t\t<\/dt><\/dl><br style=\"clear: both\" \/><dl class='gallery-item'>\n\t\t\t<dt class='gallery-icon portrait'>\n\t\t\t\t<a data-elementor-open-lightbox=\"yes\" data-elementor-lightbox-slideshow=\"84f9f92\" data-elementor-lightbox-title=\"CANALVI\" href='https:\/\/canalvi.com\/wp-content\/uploads\/2021\/04\/WhatsApp-Image-2021-04-21-at-5.43.40-PM-7.jpeg'><img loading=\"lazy\" decoding=\"async\" width=\"150\" height=\"150\" src=\"https:\/\/canalvi.com\/wp-content\/uploads\/2021\/04\/WhatsApp-Image-2021-04-21-at-5.43.40-PM-7-150x150.jpeg\" class=\"attachment-thumbnail size-thumbnail\" alt=\"\" \/><\/a>\n\t\t\t<\/dt><\/dl><dl class='gallery-item'>\n\t\t\t<dt class='gallery-icon landscape'>\n\t\t\t\t<a data-elementor-open-lightbox=\"yes\" data-elementor-lightbox-slideshow=\"84f9f92\" data-elementor-lightbox-title=\"CANALVI\" href='https:\/\/canalvi.com\/wp-content\/uploads\/2021\/04\/WhatsApp-Image-2021-04-21-at-5.43.40-PM-6.jpeg'><img loading=\"lazy\" decoding=\"async\" width=\"150\" height=\"150\" src=\"https:\/\/canalvi.com\/wp-content\/uploads\/2021\/04\/WhatsApp-Image-2021-04-21-at-5.43.40-PM-6-150x150.jpeg\" class=\"attachment-thumbnail size-thumbnail\" alt=\"\" \/><\/a>\n\t\t\t<\/dt><\/dl><dl class='gallery-item'>\n\t\t\t<dt class='gallery-icon landscape'>\n\t\t\t\t<a data-elementor-open-lightbox=\"yes\" data-elementor-lightbox-slideshow=\"84f9f92\" data-elementor-lightbox-title=\"CANALVI\" href='https:\/\/canalvi.com\/wp-content\/uploads\/2021\/04\/WhatsApp-Image-2021-04-21-at-5.43.40-PM-5.jpeg'><img loading=\"lazy\" decoding=\"async\" width=\"150\" height=\"150\" src=\"https:\/\/canalvi.com\/wp-content\/uploads\/2021\/04\/WhatsApp-Image-2021-04-21-at-5.43.40-PM-5-150x150.jpeg\" class=\"attachment-thumbnail size-thumbnail\" alt=\"\" \/><\/a>\n\t\t\t<\/dt><\/dl><dl class='gallery-item'>\n\t\t\t<dt class='gallery-icon landscape'>\n\t\t\t\t<a data-elementor-open-lightbox=\"yes\" data-elementor-lightbox-slideshow=\"84f9f92\" data-elementor-lightbox-title=\"CANALVI\" href='https:\/\/canalvi.com\/wp-content\/uploads\/2021\/04\/WhatsApp-Image-2021-04-21-at-5.43.40-PM-4.jpeg'><img loading=\"lazy\" decoding=\"async\" width=\"150\" height=\"150\" src=\"https:\/\/canalvi.com\/wp-content\/uploads\/2021\/04\/WhatsApp-Image-2021-04-21-at-5.43.40-PM-4-150x150.jpeg\" class=\"attachment-thumbnail size-thumbnail\" alt=\"\" \/><\/a>\n\t\t\t<\/dt><\/dl><br style=\"clear: both\" \/><dl class='gallery-item'>\n\t\t\t<dt class='gallery-icon landscape'>\n\t\t\t\t<a data-elementor-open-lightbox=\"yes\" data-elementor-lightbox-slideshow=\"84f9f92\" data-elementor-lightbox-title=\"CANALVI\" href='https:\/\/canalvi.com\/wp-content\/uploads\/2021\/04\/WhatsApp-Image-2021-04-21-at-5.43.40-PM-3.jpeg'><img loading=\"lazy\" decoding=\"async\" width=\"150\" height=\"150\" src=\"https:\/\/canalvi.com\/wp-content\/uploads\/2021\/04\/WhatsApp-Image-2021-04-21-at-5.43.40-PM-3-150x150.jpeg\" class=\"attachment-thumbnail size-thumbnail\" alt=\"\" \/><\/a>\n\t\t\t<\/dt><\/dl><dl class='gallery-item'>\n\t\t\t<dt class='gallery-icon landscape'>\n\t\t\t\t<a data-elementor-open-lightbox=\"yes\" data-elementor-lightbox-slideshow=\"84f9f92\" data-elementor-lightbox-title=\"CANALVI\" href='https:\/\/canalvi.com\/wp-content\/uploads\/2021\/04\/WhatsApp-Image-2021-04-21-at-5.43.40-PM-2.jpeg'><img loading=\"lazy\" decoding=\"async\" width=\"150\" height=\"150\" src=\"https:\/\/canalvi.com\/wp-content\/uploads\/2021\/04\/WhatsApp-Image-2021-04-21-at-5.43.40-PM-2-150x150.jpeg\" class=\"attachment-thumbnail size-thumbnail\" alt=\"\" \/><\/a>\n\t\t\t<\/dt><\/dl><dl class='gallery-item'>\n\t\t\t<dt class='gallery-icon landscape'>\n\t\t\t\t<a data-elementor-open-lightbox=\"yes\" data-elementor-lightbox-slideshow=\"84f9f92\" data-elementor-lightbox-title=\"CANALVI\" href='https:\/\/canalvi.com\/wp-content\/uploads\/2021\/04\/WhatsApp-Image-2021-04-21-at-5.43.39-PM-5.jpeg'><img loading=\"lazy\" decoding=\"async\" width=\"150\" height=\"150\" src=\"https:\/\/canalvi.com\/wp-content\/uploads\/2021\/04\/WhatsApp-Image-2021-04-21-at-5.43.39-PM-5-150x150.jpeg\" class=\"attachment-thumbnail size-thumbnail\" alt=\"\" \/><\/a>\n\t\t\t<\/dt><\/dl><dl class='gallery-item'>\n\t\t\t<dt class='gallery-icon landscape'>\n\t\t\t\t<a data-elementor-open-lightbox=\"yes\" data-elementor-lightbox-slideshow=\"84f9f92\" data-elementor-lightbox-title=\"CANALVI\" href='https:\/\/canalvi.com\/wp-content\/uploads\/2021\/04\/WhatsApp-Image-2021-04-21-at-5.43.39-PM-6.jpeg'><img loading=\"lazy\" decoding=\"async\" width=\"150\" height=\"150\" src=\"https:\/\/canalvi.com\/wp-content\/uploads\/2021\/04\/WhatsApp-Image-2021-04-21-at-5.43.39-PM-6-150x150.jpeg\" class=\"attachment-thumbnail size-thumbnail\" alt=\"\" \/><\/a>\n\t\t\t<\/dt><\/dl><br style=\"clear: both\" \/><dl class='gallery-item'>\n\t\t\t<dt class='gallery-icon landscape'>\n\t\t\t\t<a data-elementor-open-lightbox=\"yes\" data-elementor-lightbox-slideshow=\"84f9f92\" data-elementor-lightbox-title=\"CANALVI\" href='https:\/\/canalvi.com\/wp-content\/uploads\/2021\/04\/WhatsApp-Image-2021-04-21-at-5.43.39-PM-7.jpeg'><img loading=\"lazy\" decoding=\"async\" width=\"150\" height=\"150\" src=\"https:\/\/canalvi.com\/wp-content\/uploads\/2021\/04\/WhatsApp-Image-2021-04-21-at-5.43.39-PM-7-150x150.jpeg\" class=\"attachment-thumbnail size-thumbnail\" alt=\"\" \/><\/a>\n\t\t\t<\/dt><\/dl><dl class='gallery-item'>\n\t\t\t<dt class='gallery-icon landscape'>\n\t\t\t\t<a data-elementor-open-lightbox=\"yes\" data-elementor-lightbox-slideshow=\"84f9f92\" data-elementor-lightbox-title=\"CANALVI\" href='https:\/\/canalvi.com\/wp-content\/uploads\/2021\/04\/WhatsApp-Image-2021-04-21-at-5.43.39-PM.jpeg'><img loading=\"lazy\" decoding=\"async\" width=\"150\" height=\"150\" src=\"https:\/\/canalvi.com\/wp-content\/uploads\/2021\/04\/WhatsApp-Image-2021-04-21-at-5.43.39-PM-150x150.jpeg\" class=\"attachment-thumbnail size-thumbnail\" alt=\"\" \/><\/a>\n\t\t\t<\/dt><\/dl><dl class='gallery-item'>\n\t\t\t<dt class='gallery-icon landscape'>\n\t\t\t\t<a data-elementor-open-lightbox=\"yes\" data-elementor-lightbox-slideshow=\"84f9f92\" data-elementor-lightbox-title=\"CANALVI\" href='https:\/\/canalvi.com\/wp-content\/uploads\/2021\/04\/WhatsApp-Image-2021-04-21-at-5.43.40-PM-1.jpeg'><img loading=\"lazy\" decoding=\"async\" width=\"150\" height=\"150\" src=\"https:\/\/canalvi.com\/wp-content\/uploads\/2021\/04\/WhatsApp-Image-2021-04-21-at-5.43.40-PM-1-150x150.jpeg\" class=\"attachment-thumbnail size-thumbnail\" alt=\"\" \/><\/a>\n\t\t\t<\/dt><\/dl><dl class='gallery-item'>\n\t\t\t<dt class='gallery-icon landscape'>\n\t\t\t\t<a data-elementor-open-lightbox=\"yes\" data-elementor-lightbox-slideshow=\"84f9f92\" data-elementor-lightbox-title=\"CANALVI\" href='https:\/\/canalvi.com\/wp-content\/uploads\/2021\/04\/WhatsApp-Image-2021-04-21-at-5.43.39-PM-4.jpeg'><img loading=\"lazy\" decoding=\"async\" width=\"150\" height=\"150\" src=\"https:\/\/canalvi.com\/wp-content\/uploads\/2021\/04\/WhatsApp-Image-2021-04-21-at-5.43.39-PM-4-150x150.jpeg\" class=\"attachment-thumbnail size-thumbnail\" alt=\"\" \/><\/a>\n\t\t\t<\/dt><\/dl><br style=\"clear: both\" \/><dl class='gallery-item'>\n\t\t\t<dt class='gallery-icon landscape'>\n\t\t\t\t<a data-elementor-open-lightbox=\"yes\" data-elementor-lightbox-slideshow=\"84f9f92\" data-elementor-lightbox-title=\"CANALVI\" href='https:\/\/canalvi.com\/wp-content\/uploads\/2021\/04\/WhatsApp-Image-2021-04-21-at-5.43.39-PM-3.jpeg'><img loading=\"lazy\" decoding=\"async\" width=\"150\" height=\"150\" src=\"https:\/\/canalvi.com\/wp-content\/uploads\/2021\/04\/WhatsApp-Image-2021-04-21-at-5.43.39-PM-3-150x150.jpeg\" class=\"attachment-thumbnail size-thumbnail\" alt=\"\" \/><\/a>\n\t\t\t<\/dt><\/dl><dl class='gallery-item'>\n\t\t\t<dt class='gallery-icon portrait'>\n\t\t\t\t<a data-elementor-open-lightbox=\"yes\" data-elementor-lightbox-slideshow=\"84f9f92\" data-elementor-lightbox-title=\"CANALVI\" href='https:\/\/canalvi.com\/wp-content\/uploads\/2021\/04\/WhatsApp-Image-2021-04-21-at-5.43.39-PM-2.jpeg'><img loading=\"lazy\" decoding=\"async\" width=\"150\" height=\"150\" src=\"https:\/\/canalvi.com\/wp-content\/uploads\/2021\/04\/WhatsApp-Image-2021-04-21-at-5.43.39-PM-2-150x150.jpeg\" class=\"attachment-thumbnail size-thumbnail\" alt=\"\" \/><\/a>\n\t\t\t<\/dt><\/dl><dl class='gallery-item'>\n\t\t\t<dt class='gallery-icon portrait'>\n\t\t\t\t<a data-elementor-open-lightbox=\"yes\" data-elementor-lightbox-slideshow=\"84f9f92\" data-elementor-lightbox-title=\"CANALVI\" href='https:\/\/canalvi.com\/wp-content\/uploads\/2021\/04\/WhatsApp-Image-2021-04-21-at-5.43.39-PM-1.jpeg'><img loading=\"lazy\" decoding=\"async\" width=\"150\" height=\"150\" src=\"https:\/\/canalvi.com\/wp-content\/uploads\/2021\/04\/WhatsApp-Image-2021-04-21-at-5.43.39-PM-1-150x150.jpeg\" class=\"attachment-thumbnail size-thumbnail\" alt=\"\" \/><\/a>\n\t\t\t<\/dt><\/dl><dl class='gallery-item'>\n\t\t\t<dt class='gallery-icon portrait'>\n\t\t\t\t<a data-elementor-open-lightbox=\"yes\" data-elementor-lightbox-slideshow=\"84f9f92\" data-elementor-lightbox-title=\"CANALVI\" href='https:\/\/canalvi.com\/wp-content\/uploads\/2021\/04\/WhatsApp-Image-2021-04-21-at-5.43.38-PM.jpeg'><img loading=\"lazy\" decoding=\"async\" width=\"150\" height=\"150\" src=\"https:\/\/canalvi.com\/wp-content\/uploads\/2021\/04\/WhatsApp-Image-2021-04-21-at-5.43.38-PM-150x150.jpeg\" class=\"attachment-thumbnail size-thumbnail\" alt=\"\" \/><\/a>\n\t\t\t<\/dt><\/dl><br style=\"clear: both\" \/><dl class='gallery-item'>\n\t\t\t<dt class='gallery-icon portrait'>\n\t\t\t\t<a data-elementor-open-lightbox=\"yes\" data-elementor-lightbox-slideshow=\"84f9f92\" data-elementor-lightbox-title=\"CANALVI\" href='https:\/\/canalvi.com\/wp-content\/uploads\/2021\/04\/WhatsApp-Image-2021-04-21-at-5.43.38-PM-1.jpeg'><img loading=\"lazy\" decoding=\"async\" width=\"150\" height=\"150\" src=\"https:\/\/canalvi.com\/wp-content\/uploads\/2021\/04\/WhatsApp-Image-2021-04-21-at-5.43.38-PM-1-150x150.jpeg\" class=\"attachment-thumbnail size-thumbnail\" alt=\"\" \/><\/a>\n\t\t\t<\/dt><\/dl><dl class='gallery-item'>\n\t\t\t<dt class='gallery-icon landscape'>\n\t\t\t\t<a data-elementor-open-lightbox=\"yes\" data-elementor-lightbox-slideshow=\"84f9f92\" data-elementor-lightbox-title=\"CANALVI\" href='https:\/\/canalvi.com\/wp-content\/uploads\/2021\/04\/WhatsApp-Image-2021-04-21-at-5.43.37-PM.jpeg'><img loading=\"lazy\" decoding=\"async\" width=\"150\" height=\"150\" src=\"https:\/\/canalvi.com\/wp-content\/uploads\/2021\/04\/WhatsApp-Image-2021-04-21-at-5.43.37-PM-150x150.jpeg\" class=\"attachment-thumbnail size-thumbnail\" alt=\"\" aria-describedby=\"gallery-1-228\" \/><\/a>\n\t\t\t<\/dt>\n\t\t\t\t<dd class='wp-caption-text gallery-caption' id='gallery-1-228'>\n\t\t\t\tCANALVI\n\t\t\t\t<\/dd><\/dl>\n\t\t\t<br style='clear: both' \/>\n\t\t<\/div>\n\t\t<\/div>\n\t\t\t\t<\/div>\n\t\t\t\t<\/div>\n\t\t\t\t\t<\/div>\n\t\t<\/div>\n\t\t\t\t\t\t\t<\/div>\n\t\t<\/section>\n\t\t\t\t<section class=\"elementor-section elementor-top-section elementor-element elementor-element-48b9d5ea elementor-section-boxed elementor-section-height-default elementor-section-height-default\" data-id=\"48b9d5ea\" data-element_type=\"section\">\n\t\t\t\t\t\t<div class=\"elementor-container elementor-column-gap-default\">\n\t\t\t\t\t<div class=\"elementor-column elementor-col-100 elementor-top-column elementor-element elementor-element-2c6bc0e1\" data-id=\"2c6bc0e1\" data-element_type=\"column\">\n\t\t\t<div class=\"elementor-widget-wrap\">\n\t\t\t\t\t\t\t\t\t<\/div>\n\t\t<\/div>\n\t\t\t\t\t\t\t<\/div>\n\t\t<\/section>\n\t\t\t\t<section class=\"elementor-section elementor-top-section elementor-element elementor-element-62a28cd elementor-section-boxed elementor-section-height-default elementor-section-height-default\" data-id=\"62a28cd\" data-element_type=\"section\">\n\t\t\t\t\t\t<div class=\"elementor-container elementor-column-gap-default\">\n\t\t\t\t\t<div class=\"elementor-column elementor-col-100 elementor-top-column elementor-element elementor-element-d93e8e7\" data-id=\"d93e8e7\" data-element_type=\"column\">\n\t\t\t<div class=\"elementor-widget-wrap elementor-element-populated\">\n\t\t\t\t\t\t\t\t<div class=\"elementor-element elementor-element-5cf955c elementor-widget elementor-widget-text-editor\" data-id=\"5cf955c\" data-element_type=\"widget\" data-widget_type=\"text-editor.default\">\n\t\t\t\t<div class=\"elementor-widget-container\">\n\t\t\t\t\t\t\t\t<p style=\"text-align: right;\"><a href=\"https:\/\/canalvi.com\/?page_id=95\">CONT\u00c1CTANOS<\/a><\/p>\n<p style=\"text-align: center;\"><span style=\"color: #999999;\">DISE\u00d1O DE P\u00c1GINA WEB: <a style=\"color: #999999;\" href=\"https:\/\/tuwebsite.mx\/\">www.tuwebsite.mx<\/a><\/span><\/p>\t\t\t\t\t\t<\/div>\n\t\t\t\t<\/div>\n\t\t\t\t\t<\/div>\n\t\t<\/div>\n\t\t\t\t\t\t\t<\/div>\n\t\t<\/section>\n\t\t\t\t\t\t<\/div>\n\t\t\t\t\t<\/div>\n\t\t","protected":false},"excerpt":{"rendered":"<p>https:\/\/www.youtube.com\/watch?v=VW-EspYZZF0https:\/\/youtu.be\/oaFg8xq5DnY GALER\u00cdA DE PROYECTOS CANALVI CONT\u00c1CTANOS DISE\u00d1O DE P\u00c1GINA WEB: www.tuwebsite.mx<\/p>\n","protected":false},"author":1,"featured_media":0,"parent":0,"menu_order":0,"comment_status":"closed","ping_status":"closed","template":"","meta":{"footnotes":""},"class_list":["post-2","page","type-page","status-publish","hentry"],"yoast_head":"<!-- This site is optimized with the Yoast SEO plugin v16.1.1 - https:\/\/yoast.com\/wordpress\/plugins\/seo\/ -->\n<title>CANALVI - Canceler\u00eda, Puertas y Ventanas de Aluminio- Jalisco, Colima<\/title>\n<meta name=\"description\" content=\"Dise\u00f1o e instalaci\u00f3n profesional de canceler\u00eda, puertas y ventanas de aluminio, Capilla de Guadalupe Jalisco, Manzanillo Colima, M\u00e9xico\" \/>\n<link rel=\"canonical\" href=\"https:\/\/canalvi.com\/\" \/>\n<meta property=\"og:locale\" content=\"es_ES\" \/>\n<meta property=\"og:type\" content=\"article\" \/>\n<meta property=\"og:title\" content=\"CANALVI Canceler\u00eda de Aluminio\" \/>\n<meta property=\"og:description\" content=\"Dise\u00f1o e instalaci\u00f3n profesional de canceler\u00eda, puertas y ventanas de aluminio para tu proyecto\" \/>\n<meta property=\"og:url\" content=\"https:\/\/canalvi.com\/\" \/>\n<meta property=\"og:site_name\" content=\"CANALVI Canceler\u00eda de aluminio\" \/>\n<meta property=\"article:modified_time\" content=\"2022-12-16T19:01:02+00:00\" \/>\n<meta property=\"og:image\" content=\"https:\/\/canalvi.com\/wp-content\/uploads\/2021\/04\/canalvi-canceleria-de-aluminio-diseno-e-instalacion-de-puertas-y-ventanas-de-aluminio-jalisco-colima-mexico.jpg\" \/>\n\t<meta property=\"og:image:width\" content=\"500\" \/>\n\t<meta property=\"og:image:height\" content=\"260\" \/>\n<meta name=\"twitter:card\" content=\"summary_large_image\" \/>\n<meta name=\"twitter:title\" content=\"CANALVI Canceler\u00eda de Aluminio\" \/>\n<meta name=\"twitter:description\" content=\"Dise\u00f1o e instalaci\u00f3n profesional de canceler\u00eda, puertas y ventanas de aluminio para tu proyecto\" \/>\n<meta name=\"twitter:image\" content=\"https:\/\/canalvi.com\/wp-content\/uploads\/2021\/04\/canalvi-canceleria-de-aluminio-diseno-e-instalacion-de-puertas-y-ventanas-de-aluminio-jalisco-colima-mexico.jpg\" \/>\n<meta name=\"twitter:label1\" content=\"Tiempo de lectura\">\n\t<meta name=\"twitter:data1\" content=\"5 minutos\">\n<script type=\"application\/ld+json\" class=\"yoast-schema-graph\">{\"@context\":\"https:\/\/schema.org\",\"@graph\":[{\"@type\":\"WebSite\",\"@id\":\"https:\/\/canalvi.com\/#website\",\"url\":\"https:\/\/canalvi.com\/\",\"name\":\"CANALVI Canceler\\u00eda de aluminio\",\"description\":\"Dise\\u00f1o e instalaci\\u00f3n profesional de canceler\\u00eda, puertas y ventanas de aluminio\",\"potentialAction\":[{\"@type\":\"SearchAction\",\"target\":\"https:\/\/canalvi.com\/?s={search_term_string}\",\"query-input\":\"required name=search_term_string\"}],\"inLanguage\":\"es\"},{\"@type\":\"ImageObject\",\"@id\":\"https:\/\/canalvi.com\/#primaryimage\",\"inLanguage\":\"es\",\"url\":\"https:\/\/canalvi.com\/wp-content\/uploads\/2021\/04\/canalvi-canceleria-de-aluminio-diseno-e-instalacion-de-puertas-y-ventanas-de-aluminio-jalisco-colima-mexico.jpg\",\"contentUrl\":\"https:\/\/canalvi.com\/wp-content\/uploads\/2021\/04\/canalvi-canceleria-de-aluminio-diseno-e-instalacion-de-puertas-y-ventanas-de-aluminio-jalisco-colima-mexico.jpg\",\"width\":500,\"height\":260},{\"@type\":\"WebPage\",\"@id\":\"https:\/\/canalvi.com\/#webpage\",\"url\":\"https:\/\/canalvi.com\/\",\"name\":\"CANALVI - Canceler\\u00eda, Puertas y Ventanas de Aluminio- Jalisco, Colima\",\"isPartOf\":{\"@id\":\"https:\/\/canalvi.com\/#website\"},\"primaryImageOfPage\":{\"@id\":\"https:\/\/canalvi.com\/#primaryimage\"},\"datePublished\":\"2012-10-18T00:04:41+00:00\",\"dateModified\":\"2022-12-16T19:01:02+00:00\",\"description\":\"Dise\\u00f1o e instalaci\\u00f3n profesional de canceler\\u00eda, puertas y ventanas de aluminio, Capilla de Guadalupe Jalisco, Manzanillo Colima, M\\u00e9xico\",\"breadcrumb\":{\"@id\":\"https:\/\/canalvi.com\/#breadcrumb\"},\"inLanguage\":\"es\",\"potentialAction\":[{\"@type\":\"ReadAction\",\"target\":[\"https:\/\/canalvi.com\/\"]}]},{\"@type\":\"BreadcrumbList\",\"@id\":\"https:\/\/canalvi.com\/#breadcrumb\",\"itemListElement\":[{\"@type\":\"ListItem\",\"position\":1,\"item\":{\"@type\":\"WebPage\",\"@id\":\"https:\/\/canalvi.com\/\",\"url\":\"https:\/\/canalvi.com\/\",\"name\":\"Portada\"}},{\"@type\":\"ListItem\",\"position\":2,\"item\":{\"@type\":\"WebPage\",\"@id\":\"https:\/\/canalvi.com\/\",\"url\":\"https:\/\/canalvi.com\/\",\"name\":\"INICIO\"}}]}]}<\/script>\n<!-- \/ Yoast SEO plugin. -->","_links":{"self":[{"href":"https:\/\/canalvi.com\/index.php?rest_route=\/wp\/v2\/pages\/2"}],"collection":[{"href":"https:\/\/canalvi.com\/index.php?rest_route=\/wp\/v2\/pages"}],"about":[{"href":"https:\/\/canalvi.com\/index.php?rest_route=\/wp\/v2\/types\/page"}],"author":[{"embeddable":true,"href":"https:\/\/canalvi.com\/index.php?rest_route=\/wp\/v2\/users\/1"}],"replies":[{"embeddable":true,"href":"https:\/\/canalvi.com\/index.php?rest_route=%2Fwp%2Fv2%2Fcomments&post=2"}],"version-history":[{"count":129,"href":"https:\/\/canalvi.com\/index.php?rest_route=\/wp\/v2\/pages\/2\/revisions"}],"predecessor-version":[{"id":312,"href":"https:\/\/canalvi.com\/index.php?rest_route=\/wp\/v2\/pages\/2\/revisions\/312"}],"wp:attachment":[{"href":"https:\/\/canalvi.com\/index.php?rest_route=%2Fwp%2Fv2%2Fmedia&parent=2"}],"curies":[{"name":"wp","href":"https:\/\/api.w.org\/{rel}","templated":true}]}}