{"id":72,"date":"2012-10-30T17:53:52","date_gmt":"2012-10-30T17:53:52","guid":{"rendered":"http:\/\/canalvi.com\/?page_id=72"},"modified":"2021-04-20T16:47:33","modified_gmt":"2021-04-20T16:47:33","slug":"nosotros","status":"publish","type":"page","link":"https:\/\/canalvi.com\/?page_id=72","title":{"rendered":"NOSOTROS"},"content":{"rendered":"<h3 style=\"text-align: justify;\"><code><a href=\"http:\/\/canalvi.com\/wp-content\/uploads\/2012\/10\/banner2.jpg\"><img loading=\"lazy\" decoding=\"async\" class=\"alignnone size-full wp-image-99\" src=\"http:\/\/canalvi.com\/wp-content\/uploads\/2012\/10\/banner2.jpg\" alt=\"banner2\" width=\"954\" height=\"300\" srcset=\"https:\/\/canalvi.com\/wp-content\/uploads\/2012\/10\/banner2.jpg 954w, https:\/\/canalvi.com\/wp-content\/uploads\/2012\/10\/banner2-300x94.jpg 300w, https:\/\/canalvi.com\/wp-content\/uploads\/2012\/10\/banner2-60x18.jpg 60w\" sizes=\"(max-width: 954px) 100vw, 954px\" \/><\/a><\/code><\/h3>\n<h3 style=\"text-align: justify;\">CANALVI ALIMINIO<\/h3>\n<p>&nbsp;<\/p>\n<p style=\"text-align: justify;\">EL MUNDO A TRAVES DE NUESTRAS VENTANAS SE VE MEJOR<\/p>\n<p style=\"text-align: justify;\">En CANALVI ALUMINIO&nbsp; Instalamos las Ventanas de nuestra propia casa, por que decimos eso? &nbsp;&nbsp;Por qu\u00e9 siempre que instalamos un cancel de Aluminio lo hacemos como si fuese para nuestra propia casa, con delicadeza y cuidado de que todo quede perfecto,&nbsp; pues estamos conscientes de que nuestros Clientes todos los d\u00edas observan sus ventanas y puertas y que son parte esencial de su Hogar.<\/p>\n<p style=\"text-align: justify;\">La evoluci\u00f3n de la canceler\u00eda de aluminio es tan constante y cambiante que nos impulsa a tener como MISION el ir a la vanguardia en este ramo tan lleno de innovaciones y mejoras que tenemos que propiciar.<\/p>\n<p style=\"text-align: justify;\">Hacer cada d\u00eda mejor lo que ya sabemos hacer es nuestra VISION, transformando solo las mejores l\u00edneas de canceler\u00eda de aluminio en las ventanas de su casa.<\/p>\n<p style=\"text-align: justify;\">El mejor material para la canceler\u00eda es el Aluminio esa es nuestra CONVICCION y agregado a eso es que se pueda trabajar con la maquinaria y el equipo \u00f3ptimo para que el resultado sea las mejores ventanas.<\/p>\n<p style=\"text-align: justify;\">SERIES EUROPEAS en CANALVI ALUMINIO solo transformamos canceles con desarrollo y caracter\u00edsticas europeas, Funcionalidad, hermeticidad, Est\u00e9tica y comodidad son algunas de las ventajas que tienen nuestras l\u00edneas de canceler\u00eda de Aluminio.<\/p>\n<p style=\"text-align: justify;\">En resumen el VALOR de CANALVI ALUMINIO es hacer bien las cosas sabiendo que las ventanas son parte muy importante para cada hogar de nuestro hermoso MEXICO.<\/p>\n","protected":false},"excerpt":{"rendered":"<p>CANALVI ALIMINIO &nbsp; EL MUNDO A TRAVES DE NUESTRAS VENTANAS SE VE MEJOR En CANALVI ALUMINIO&nbsp; Instalamos las Ventanas de nuestra propia casa, por que decimos eso? &nbsp;&nbsp;Por qu\u00e9 siempre que instalamos un cancel de Aluminio lo hacemos como si fuese para nuestra propia casa, con delicadeza y cuidado de que todo quede perfecto,&nbsp; pues [&hellip;]<\/p>\n","protected":false},"author":1,"featured_media":0,"parent":0,"menu_order":2,"comment_status":"closed","ping_status":"closed","template":"","meta":{"footnotes":""},"class_list":["post-72","page","type-page","status-publish","hentry"],"yoast_head":"<!-- This site is optimized with the Yoast SEO plugin v16.1.1 - https:\/\/yoast.com\/wordpress\/plugins\/seo\/ -->\n<title>NOSOTROS - CANALVI Canceler\u00eda de aluminio<\/title>\n<link rel=\"canonical\" href=\"https:\/\/canalvi.com\/?page_id=72\" \/>\n<meta property=\"og:locale\" content=\"es_ES\" \/>\n<meta property=\"og:type\" content=\"article\" \/>\n<meta property=\"og:title\" content=\"NOSOTROS - CANALVI Canceler\u00eda de aluminio\" \/>\n<meta property=\"og:description\" content=\"CANALVI ALIMINIO &nbsp; EL MUNDO A TRAVES DE NUESTRAS VENTANAS SE VE MEJOR En CANALVI ALUMINIO&nbsp; Instalamos las Ventanas de nuestra propia casa, por que decimos eso? &nbsp;&nbsp;Por qu\u00e9 siempre que instalamos un cancel de Aluminio lo hacemos como si fuese para nuestra propia casa, con delicadeza y cuidado de que todo quede perfecto,&nbsp; pues [&hellip;]\" \/>\n<meta property=\"og:url\" content=\"https:\/\/canalvi.com\/?page_id=72\" \/>\n<meta property=\"og:site_name\" content=\"CANALVI Canceler\u00eda de aluminio\" \/>\n<meta property=\"article:modified_time\" content=\"2021-04-20T16:47:33+00:00\" \/>\n<meta property=\"og:image\" content=\"http:\/\/canalvi.com\/wp-content\/uploads\/2012\/10\/banner2.jpg\" \/>\n<meta name=\"twitter:card\" content=\"summary_large_image\" \/>\n<meta name=\"twitter:label1\" content=\"Tiempo de lectura\">\n\t<meta name=\"twitter:data1\" content=\"2 minutos\">\n<script type=\"application\/ld+json\" class=\"yoast-schema-graph\">{\"@context\":\"https:\/\/schema.org\",\"@graph\":[{\"@type\":\"WebSite\",\"@id\":\"https:\/\/canalvi.com\/#website\",\"url\":\"https:\/\/canalvi.com\/\",\"name\":\"CANALVI Canceler\\u00eda de aluminio\",\"description\":\"Dise\\u00f1o e instalaci\\u00f3n profesional de canceler\\u00eda, puertas y ventanas de aluminio\",\"potentialAction\":[{\"@type\":\"SearchAction\",\"target\":\"https:\/\/canalvi.com\/?s={search_term_string}\",\"query-input\":\"required name=search_term_string\"}],\"inLanguage\":\"es\"},{\"@type\":\"ImageObject\",\"@id\":\"https:\/\/canalvi.com\/?page_id=72#primaryimage\",\"inLanguage\":\"es\",\"url\":\"http:\/\/canalvi.com\/wp-content\/uploads\/2012\/10\/banner2.jpg\",\"contentUrl\":\"http:\/\/canalvi.com\/wp-content\/uploads\/2012\/10\/banner2.jpg\"},{\"@type\":\"WebPage\",\"@id\":\"https:\/\/canalvi.com\/?page_id=72#webpage\",\"url\":\"https:\/\/canalvi.com\/?page_id=72\",\"name\":\"NOSOTROS - CANALVI Canceler\\u00eda de aluminio\",\"isPartOf\":{\"@id\":\"https:\/\/canalvi.com\/#website\"},\"primaryImageOfPage\":{\"@id\":\"https:\/\/canalvi.com\/?page_id=72#primaryimage\"},\"datePublished\":\"2012-10-30T17:53:52+00:00\",\"dateModified\":\"2021-04-20T16:47:33+00:00\",\"breadcrumb\":{\"@id\":\"https:\/\/canalvi.com\/?page_id=72#breadcrumb\"},\"inLanguage\":\"es\",\"potentialAction\":[{\"@type\":\"ReadAction\",\"target\":[\"https:\/\/canalvi.com\/?page_id=72\"]}]},{\"@type\":\"BreadcrumbList\",\"@id\":\"https:\/\/canalvi.com\/?page_id=72#breadcrumb\",\"itemListElement\":[{\"@type\":\"ListItem\",\"position\":1,\"item\":{\"@type\":\"WebPage\",\"@id\":\"https:\/\/canalvi.com\/\",\"url\":\"https:\/\/canalvi.com\/\",\"name\":\"Portada\"}},{\"@type\":\"ListItem\",\"position\":2,\"item\":{\"@type\":\"WebPage\",\"@id\":\"https:\/\/canalvi.com\/?page_id=72\",\"url\":\"https:\/\/canalvi.com\/?page_id=72\",\"name\":\"NOSOTROS\"}}]}]}<\/script>\n<!-- \/ Yoast SEO plugin. -->","_links":{"self":[{"href":"https:\/\/canalvi.com\/index.php?rest_route=\/wp\/v2\/pages\/72"}],"collection":[{"href":"https:\/\/canalvi.com\/index.php?rest_route=\/wp\/v2\/pages"}],"about":[{"href":"https:\/\/canalvi.com\/index.php?rest_route=\/wp\/v2\/types\/page"}],"author":[{"embeddable":true,"href":"https:\/\/canalvi.com\/index.php?rest_route=\/wp\/v2\/users\/1"}],"replies":[{"embeddable":true,"href":"https:\/\/canalvi.com\/index.php?rest_route=%2Fwp%2Fv2%2Fcomments&post=72"}],"version-history":[{"count":14,"href":"https:\/\/canalvi.com\/index.php?rest_route=\/wp\/v2\/pages\/72\/revisions"}],"predecessor-version":[{"id":147,"href":"https:\/\/canalvi.com\/index.php?rest_route=\/wp\/v2\/pages\/72\/revisions\/147"}],"wp:attachment":[{"href":"https:\/\/canalvi.com\/index.php?rest_route=%2Fwp%2Fv2%2Fmedia&parent=72"}],"curies":[{"name":"wp","href":"https:\/\/api.w.org\/{rel}","templated":true}]}}